{"id":1073,"date":"2025-02-03T13:09:20","date_gmt":"2025-02-03T12:09:20","guid":{"rendered":"https:\/\/echofilms.io\/?page_id=1073"},"modified":"2025-10-28T13:56:20","modified_gmt":"2025-10-28T12:56:20","slug":"mentions-legales","status":"publish","type":"page","link":"https:\/\/echofilms.io\/en\/mentions-legales\/","title":{"rendered":"Legal notices"},"content":{"rendered":"<p>[et_pb_section fb_built=\u00a0\u00bb1&Prime; custom_padding_last_edited=\u00a0\u00bbon|tablet\u00a0\u00bb admin_label=\u00a0\u00bbSection\u00a0\u00bb module_id=\u00a0\u00bbSecHero\u00a0\u00bb _builder_version=\u00a0\u00bb4.27.4&Prime; _module_preset=\u00a0\u00bbdefault\u00a0\u00bb background_color=\u00a0\u00bb#000000&Prime; background_video_mp4=\u00a0\u00bbhttps:\/\/echofilms.io\/wp-content\/uploads\/2025\/01\/DEMO_SITE_ACCEUIL.mp4&Prime; custom_margin=\u00a0\u00bb-170px||||false|false\u00a0\u00bb custom_margin_tablet=\u00a0\u00bb-140px||||false|false\u00a0\u00bb custom_margin_phone=\u00a0\u00bb-100px||||false|false\u00a0\u00bb custom_margin_last_edited=\u00a0\u00bbon|tablet\u00a0\u00bb custom_padding=\u00a0\u00bb210px||23px||false|false\u00a0\u00bb custom_padding_tablet=\u00a0\u00bb175px||||false|false\u00a0\u00bb custom_padding_phone=\u00a0\u00bb115px||20px||false|false\u00a0\u00bb background_color_phone=\u00a0\u00bb#000000&Prime; background_last_edited=\u00a0\u00bbon|phone\u00a0\u00bb background_enable_color_phone=\u00a0\u00bbon\u00a0\u00bb custom_css_free_form=\u00a0\u00bb\/* Sec menu *\/||#SecMenu{||    border-top-color: #232e20 !important;||}\u00a0\u00bb da_popup_slug=\u00a0\u00bbSecHero\u00a0\u00bb da_disable_devices=\u00a0\u00bboff|off|off\u00a0\u00bb global_colors_info=\u00a0\u00bb{}\u00a0\u00bb da_is_popup=\u00a0\u00bboff\u00a0\u00bb da_exit_intent=\u00a0\u00bboff\u00a0\u00bb da_has_close=\u00a0\u00bbon\u00a0\u00bb da_alt_close=\u00a0\u00bboff\u00a0\u00bb da_dark_close=\u00a0\u00bboff\u00a0\u00bb da_not_modal=\u00a0\u00bbon\u00a0\u00bb da_is_singular=\u00a0\u00bboff\u00a0\u00bb da_with_loader=\u00a0\u00bboff\u00a0\u00bb da_has_shadow=\u00a0\u00bbon\u00a0\u00bb][et_pb_row custom_padding_last_edited=\u00a0\u00bbon|phone\u00a0\u00bb _builder_version=\u00a0\u00bb4.27.4&Prime; _module_preset=\u00a0\u00bbdefault\u00a0\u00bb width=\u00a0\u00bb87%\u00a0\u00bb max_width=\u00a0\u00bb1450px\u00a0\u00bb custom_padding_tablet=\u00a0\u00bb\u00a0\u00bb custom_padding_phone=\u00a0\u00bb50px||3px||false|false\u00a0\u00bb global_colors_info=\u00a0\u00bb{}\u00a0\u00bb][et_pb_column type=\u00a0\u00bb4_4&Prime; module_class=\u00a0\u00bbinline-buttons\u00a0\u00bb _builder_version=\u00a0\u00bb4.27.4&Prime; _module_preset=\u00a0\u00bbdefault\u00a0\u00bb global_colors_info=\u00a0\u00bb{}\u00a0\u00bb][et_pb_text _builder_version=\u00a0\u00bb4.27.4&Prime; _module_preset=\u00a0\u00bbdefault\u00a0\u00bb header_font=\u00a0\u00bbSora|600|||||||\u00a0\u00bb header_text_color=\u00a0\u00bb#E8E7DB\u00a0\u00bb header_font_size=\u00a0\u00bb53px\u00a0\u00bb header_line_height=\u00a0\u00bb1.1em\u00a0\u00bb max_width=\u00a0\u00bb1140px\u00a0\u00bb custom_margin=\u00a0\u00bb||20px||false|false\u00a0\u00bb custom_margin_tablet=\u00a0\u00bb\u00a0\u00bb custom_margin_phone=\u00a0\u00bb||11px||false|false\u00a0\u00bb custom_margin_last_edited=\u00a0\u00bbon|phone\u00a0\u00bb header_font_size_tablet=\u00a0\u00bb45px\u00a0\u00bb header_font_size_phone=\u00a0\u00bb32px\u00a0\u00bb header_font_size_last_edited=\u00a0\u00bbon|phone\u00a0\u00bb global_colors_info=\u00a0\u00bb{}\u00a0\u00bb]<\/p>\n<h1>Mentions l\u00e9gales<\/h1>\n<p>[\/et_pb_text][et_pb_button button_url=\u00a0\u00bbhttps:\/\/echofilms.io\/#Contact\u00a0\u00bb button_text=\u00a0\u00bbContactez-nous\u00a0\u00bb module_id=\u00a0\u00bbBtnContact\u00a0\u00bb _builder_version=\u00a0\u00bb4.27.4&Prime; _module_preset=\u00a0\u00bbdefault\u00a0\u00bb custom_button=\u00a0\u00bbon\u00a0\u00bb button_text_color=\u00a0\u00bb#FFFFFF\u00a0\u00bb button_bg_color=\u00a0\u00bb#de5114&Prime; button_border_width=\u00a0\u00bb0px\u00a0\u00bb button_border_radius=\u00a0\u00bb0px\u00a0\u00bb button_font=\u00a0\u00bbHanken Grotesk||||||||\u00a0\u00bb button_use_icon=\u00a0\u00bboff\u00a0\u00bb custom_padding=\u00a0\u00bb1px|15px|1px|13px|true|false\u00a0\u00bb button_text_size_tablet=\u00a0\u00bb18.5px\u00a0\u00bb button_text_size_phone=\u00a0\u00bb18.5px\u00a0\u00bb button_text_size_last_edited=\u00a0\u00bbon|tablet\u00a0\u00bb custom_css_main_element=\u00a0\u00bbborder-radius: 0px 15px 0px 0px !important;\u00a0\u00bb global_module=\u00a0\u00bb335&Prime; saved_tabs=\u00a0\u00bball\u00a0\u00bb global_colors_info=\u00a0\u00bb{}\u00a0\u00bb button_bg_color__hover_enabled=\u00a0\u00bbon|desktop\u00a0\u00bb button_text_color__hover_enabled=\u00a0\u00bbon|desktop\u00a0\u00bb button_bg_color__hover=\u00a0\u00bb#FFFFFF\u00a0\u00bb button_bg_enable_color__hover=\u00a0\u00bbon\u00a0\u00bb button_text_color__hover=\u00a0\u00bb#DE5114&Prime;][\/et_pb_button][\/et_pb_column][\/et_pb_row][\/et_pb_section][et_pb_section fb_built=\u00a0\u00bb1&Prime; custom_padding_last_edited=\u00a0\u00bbon|tablet\u00a0\u00bb admin_label=\u00a0\u00bbsection\u00a0\u00bb _builder_version=\u00a0\u00bb4.27.4&Prime; custom_padding=\u00a0\u00bb80px|||||\u00a0\u00bb custom_padding_tablet=\u00a0\u00bb5px||||false|false\u00a0\u00bb custom_padding_phone=\u00a0\u00bb5px||20px||false|false\u00a0\u00bb da_disable_devices=\u00a0\u00bboff|off|off\u00a0\u00bb global_colors_info=\u00a0\u00bb{}\u00a0\u00bb da_is_popup=\u00a0\u00bboff\u00a0\u00bb da_exit_intent=\u00a0\u00bboff\u00a0\u00bb da_has_close=\u00a0\u00bbon\u00a0\u00bb da_alt_close=\u00a0\u00bboff\u00a0\u00bb da_dark_close=\u00a0\u00bboff\u00a0\u00bb da_not_modal=\u00a0\u00bbon\u00a0\u00bb da_is_singular=\u00a0\u00bboff\u00a0\u00bb da_with_loader=\u00a0\u00bboff\u00a0\u00bb da_has_shadow=\u00a0\u00bbon\u00a0\u00bb][et_pb_row custom_padding_last_edited=\u00a0\u00bbon|tablet\u00a0\u00bb disabled_on=\u00a0\u00bboff|off|off\u00a0\u00bb admin_label=\u00a0\u00bbrow\u00a0\u00bb _builder_version=\u00a0\u00bb4.27.4&Prime; background_size=\u00a0\u00bbinitial\u00a0\u00bb background_position=\u00a0\u00bbtop_left\u00a0\u00bb background_repeat=\u00a0\u00bbrepeat\u00a0\u00bb width=\u00a0\u00bb87%\u00a0\u00bb max_width=\u00a0\u00bb1450px\u00a0\u00bb custom_padding=\u00a0\u00bb10px||10px||false|false\u00a0\u00bb custom_padding_tablet=\u00a0\u00bb||0px||false|false\u00a0\u00bb custom_padding_phone=\u00a0\u00bb||0px||false|false\u00a0\u00bb global_colors_info=\u00a0\u00bb{}\u00a0\u00bb custom_padding__hover_enabled=\u00a0\u00bboff|desktop\u00a0\u00bb][et_pb_column type=\u00a0\u00bb4_4&Prime; _builder_version=\u00a0\u00bb4.16&Prime; custom_padding=\u00a0\u00bb|||\u00a0\u00bb global_colors_info=\u00a0\u00bb{}\u00a0\u00bb custom_padding__hover=\u00a0\u00bb|||\u00a0\u00bb][et_pb_text _builder_version=\u00a0\u00bb4.27.4&Prime; _module_preset=\u00a0\u00bbdefault\u00a0\u00bb header_2_font=\u00a0\u00bbSora|600|||||||\u00a0\u00bb header_2_text_align=\u00a0\u00bbleft\u00a0\u00bb header_2_text_color=\u00a0\u00bb#000000&Prime; header_2_font_size=\u00a0\u00bb32px\u00a0\u00bb header_2_line_height=\u00a0\u00bb1.2em\u00a0\u00bb positioning=\u00a0\u00bbrelative\u00a0\u00bb horizontal_offset=\u00a0\u00bb-3px\u00a0\u00bb custom_margin=\u00a0\u00bb||7px||false|false\u00a0\u00bb custom_margin_tablet=\u00a0\u00bb||7px||false|false\u00a0\u00bb custom_margin_phone=\u00a0\u00bb||-1px||false|false\u00a0\u00bb custom_margin_last_edited=\u00a0\u00bbon|phone\u00a0\u00bb custom_padding=\u00a0\u00bb||||false|false\u00a0\u00bb header_2_font_size_tablet=\u00a0\u00bb32px\u00a0\u00bb header_2_font_size_phone=\u00a0\u00bb21px\u00a0\u00bb header_2_font_size_last_edited=\u00a0\u00bbon|tablet\u00a0\u00bb locked=\u00a0\u00bboff\u00a0\u00bb global_colors_info=\u00a0\u00bb{}\u00a0\u00bb]<\/p>\n<h2>Mentions l\u00e9gales<\/h2>\n<hr \/>\n<h2><\/h2>\n<p>[\/et_pb_text][et_pb_text _builder_version=\u00a0\u00bb4.27.4&Prime; _module_preset=\u00a0\u00bbdefault\u00a0\u00bb text_font=\u00a0\u00bbHanken Grotesk|300|||||||\u00a0\u00bb text_text_color=\u00a0\u00bb#000000&Prime; text_font_size=\u00a0\u00bb17.5px\u00a0\u00bb text_line_height=\u00a0\u00bb1.4em\u00a0\u00bb custom_margin=\u00a0\u00bb||26px||false|false\u00a0\u00bb custom_margin_tablet=\u00a0\u00bb||26px||false|false\u00a0\u00bb custom_margin_phone=\u00a0\u00bb13px||||false|false\u00a0\u00bb custom_margin_last_edited=\u00a0\u00bbon|phone\u00a0\u00bb text_font_size_tablet=\u00a0\u00bb17px\u00a0\u00bb text_font_size_phone=\u00a0\u00bb15.5px\u00a0\u00bb text_font_size_last_edited=\u00a0\u00bbon|tablet\u00a0\u00bb text_line_height_tablet=\u00a0\u00bb1.4em\u00a0\u00bb text_line_height_phone=\u00a0\u00bb1.3em\u00a0\u00bb text_line_height_last_edited=\u00a0\u00bbon|phone\u00a0\u00bb locked=\u00a0\u00bboff\u00a0\u00bb global_colors_info=\u00a0\u00bb{}\u00a0\u00bb]<\/p>\n<h2>1.\u00a0Editeur du site<\/h2>\n<p>SARL ECHOFILMS<br \/>SARL, au capital social de <span>1.950\u20ac<\/span><br \/>Num\u00e9ro Siret : 925 386 773 000 12<br \/>12 all\u00e9e Ravel, 93270 SEVRAN<\/p>\n<p>&nbsp;<\/p>\n<h2>2. Directeur de la publication<\/h2>\n<p><strong>Directeur de la publication :\u00a0<\/strong>Jean-Baptiste LEGENDRE<\/p>\n<p>&nbsp;<\/p>\n<h2>3. R\u00e9alisation du site<\/h2>\n<p>LA FREELANCERIE \u2013 LF D\u00e9veloppement repr\u00e9sent\u00e9 par M. Fran\u00e7ois LE.<br \/>SARL, au capital social de 10.000\u20ac<br \/>Num\u00e9ro Siret : 887 988 822 000 29<br \/>8 rue des Maraichers \u2013 44400 REZ\u00c9<br \/>Email : contact@la-freelancerie.fr<br \/>Site Web :\u00a0<a href=\"https:\/\/la-freelancerie.fr\/\" target=\"_blank\" rel=\"noopener\">www.la-freelancerie.fr<\/a><\/p>\n<p>&nbsp;<\/p>\n<h2>4. H\u00e9bergement<\/h2>\n<p>SYNOPTIK LABS \u2013 repr\u00e9sent\u00e9 par Loick Pelet<br \/>SAS au capital social de 1.000\u20ac<br \/>Num\u00e9ro Siret : 831 359 542 000 22<br \/>1 rue de Stockholm \u2013 75000 PARIS<br \/>Site Web :\u00a0<a href=\"https:\/\/synoptik-labs.com\/\" target=\"_blank\" rel=\"noopener\">www.synoptik-labs.com<\/a><\/p>\n<p>&nbsp;<\/p>\n<h2><\/h2>\n<h2>5. CMS<\/h2>\n<p>WordPress<\/p>\n<p>&nbsp;<\/p>\n<h2>6. Conditions g\u00e9n\u00e9rales d\u2019utilisation<\/h2>\n<p>Votre utilisation de ce site web constitue votre acceptation des conditions g\u00e9n\u00e9rales et mentions d\u2019avertissement.<br \/>Ce site peut contenir des liens vers d\u2019autres sites web.\u00a0<strong>ECHOFILMS<\/strong><span>\u00a0<\/span>assume aucune responsabilit\u00e9 sur le contenu des sites autres que ceux faisant partie du domaine<span> <a href=\"www.echofilms.io\">www.echofilms.io<\/a><\/span><\/p>\n<p>L\u2019ensemble de ce site rel\u00e8ve de la l\u00e9gislation fran\u00e7aise et internationale sur le droit d\u2019auteur et la propri\u00e9t\u00e9 intellectuelle. Tous les droits de reproduction sont r\u00e9serv\u00e9s, y compris pour les documents t\u00e9l\u00e9chargeables, les repr\u00e9sentations iconographiques et photographiques, ainsi que les contenus r\u00e9dactionnels. Les marques cit\u00e9es appartiennent \u00e0 leurs propri\u00e9taires respectifs.<br \/>La reproduction de tout ou partie de ce site sur un support \u00e9lectronique quel qu\u2019il soit est formellement interdite sauf autorisation expresse du directeur de publication. Vous vous engagez \u00e0 ne pas utiliser ce site \u00e0 des fins illicites ou interdites par les lois ou par les mentions l\u00e9gales et contractuelles.<\/p>\n<p>&nbsp;<\/p>\n<h2>7. Respect de la vie priv\u00e9e<\/h2>\n<p>Conform\u00e9ment \u00e0 la loi \u00ab Informatique et Libert\u00e9 \u00bb du 06 Janvier 1978, vous disposez d\u2019un droit d\u2019acc\u00e8s et de rectification des donn\u00e9es vous concernant. Pour cela il suffit de nous contacter (en nous indiquant vos coordonn\u00e9es et le cas \u00e9ch\u00e9ant votre n\u00b0 client.).<\/p>\n<p>&nbsp;<\/p>\n<h2>8. Droit d\u2019auteur \u2013 Copyright<\/h2>\n<p>Tous les e\u0301le\u0301ments de toute nature (images fixes, images anime\u0301es, photographies, bases de donne\u0301es, marques, illustrations, logos, dessins, mode\u0300les, documents te\u0301le\u0301chargeable, etc) contenus dans le site<span> <a href=\"www.echofilms.io\">www.echofilms.io<\/a><\/span>\u00a0sont prote\u0301ge\u0301s par le droit d\u2019auteur. A ce titre, sauf autorisation pre\u0301alable et e\u0301crite de <strong>ECHOFILMS<\/strong>, toute reproduction, repre\u0301sentation, adaptation, modification partielle ou inte\u0301grale de tout e\u0301le\u0301ment composant le site, par quelque moyen que ce soit, est interdite sous peine de poursuite judiciaire.<\/p>\n<p>&nbsp;<\/p>\n<h2>9. Nom et logo<\/h2>\n<p>Il est strictement interdit de reproduire, r\u00e9\u00e9diter ou redistribuer totalement ou partiellement le nom <strong>ECHOFILMS<\/strong> ou son logo, seul ou associ\u00e9 \u00e0 quelque titre que ce soit sans l\u2019accord \u00e9crit pr\u00e9alable de <strong>ECHOFILMS<\/strong><strong>.<\/strong><\/p>\n<p><strong><\/strong><\/p>\n<p><strong><\/strong><\/p>\n<h2>10. Liens hypertextes<\/h2>\n<p>Tout site Internet est autoris\u00e9 \u00e0 \u00e9tablir, sans accord pr\u00e9alable, un lien vers les informations diffus\u00e9es sur le site de <strong>ECHOFILMS<\/strong>. N\u00e9anmoins, les pages et les documents issus de<span> <a href=\"www.echofilms.io\">www.echofilms.io<\/a><\/span>\u00a0ne doivent pas \u00eatre imbriqu\u00e9s \u00e0 l\u2019int\u00e9rieur des pages d\u2019un autre site.<br \/>L\u2019autorisation de mise en place d\u2019un lien est valable pour tout support, \u00e0 l\u2019exception de ceux diffusant des informations \u00e0 caract\u00e8re pol\u00e9mique, pornographique, x\u00e9nophobe ou pouvant, dans une plus large mesure, porter atteinte \u00e0 la sensibilit\u00e9 du plus grand nombre.<br \/><span><strong>ECHOFILMS<\/strong> <\/span>ne peut, en aucun cas, \u00eatre tenu pour responsable des informations diffus\u00e9es sur les sites qui font l\u2019objet d\u2019un lien hypertexte \u00e0 partir de<a href=\"www.echofilms.io\"><span> www.echofilms.io<\/span><\/a><\/p>\n<p>&nbsp;<\/p>\n<h2>11. Qualit\u00e9 et utilisation des informations<\/h2>\n<p><strong><span>ECHOFILMS <\/span><\/strong>s\u2019attache \u00e0 diffuser une information fiable, v\u00e9rifi\u00e9e et r\u00e9guli\u00e8rement actualis\u00e9e. En d\u00e9pit des nombreux efforts mis en \u0153uvre pour atteindre cet objectif, des erreurs ou omissions peuvent, tout de m\u00eame, subsister. Il appartient donc \u00e0 l\u2019internaute, sous sa responsabilit\u00e9 exclusive, d\u2019utiliser les informations disponibles sur www.maisoncharlou.fr avec discernement. En cons\u00e9quence, <strong>ECHOFILMS<\/strong>\u00a0vous recommande de v\u00e9rifier les informations recueillies sur son site, pr\u00e9alablement \u00e0 toute prise de d\u00e9cision quant \u00e0 leur usage.<\/p>\n<p>&nbsp;<\/p>\n<h2>12. Garanties et responsabilit\u00e9s<\/h2>\n<p>Les informations diffus\u00e9es sur le site de <strong>ECHOFILMS<\/strong><strong><span>\u00a0<\/span><\/strong>sont fournies sans garantie d\u2019aucune sorte, autre que celles pr\u00e9vues par la loi en vigueur, et notamment sans garantie que le contenu r\u00e9ponde aux besoins de l\u2019utilisateur ou \u00e0 l\u2019usage qu\u2019il sera amen\u00e9 en faire. L\u2019utilisateur est seul responsable de toute utilisation qu\u2019il fera des informations diffus\u00e9es sur<span> <a href=\"www.echofilms.io\">www.echofilms.io<\/a><\/span><br \/><strong>ECHOFILMS<\/strong> ne pourra pas \u00eatre tenue responsable des dommages directs ou indirects r\u00e9sultant de l\u2019usage de son site ou d\u2019autres sites qui lui sont li\u00e9s, et notamment des \u00e9ventuelles pertes financi\u00e8res ou pr\u00e9judices commerciaux pouvant en r\u00e9sulter.<\/p>\n<p>&nbsp;<\/p>\n<h2>13.\u00a0Loi applicable<\/h2>\n<p>Les pr\u00e9sentes Conditions G\u00e9n\u00e9rales sont soumises au droit interne fran\u00e7ais. La langue des Conditions G\u00e9n\u00e9rales est la langue fran\u00e7aise. En cas de litige, les tribunaux fran\u00e7ais seront seuls comp\u00e9tents.<\/p>\n<p>&nbsp;<\/p>\n<h2>14. Cr\u00e9dits photographiques<\/h2>\n<p>Cr\u00e9dit photos : Toutes les photos et vid\u00e9os sont r\u00e9alis\u00e9es par<span> <strong>ECHOFILMS<\/strong><\/span><\/p>\n<p>Logo :\u00a0<strong>SARAH RICHARD \/ LA FREELANCERIE<\/strong><\/p>\n<p>[\/et_pb_text][\/et_pb_column][\/et_pb_row][\/et_pb_section]<\/p>\n","protected":false},"excerpt":{"rendered":"<p>Mentions l\u00e9galesMentions l\u00e9gales 1.\u00a0Editeur du site SARL ECHOFILMSSARL, au capital social de 1.950\u20acNum\u00e9ro Siret : 925 386 773 000 1212 all\u00e9e Ravel, 93270 SEVRAN &nbsp; 2. Directeur de la publication Directeur de la publication :\u00a0Jean-Baptiste LEGENDRE &nbsp; 3. R\u00e9alisation du site LA FREELANCERIE \u2013 LF D\u00e9veloppement repr\u00e9sent\u00e9 par M. Fran\u00e7ois LE.SARL, au capital social de [&hellip;]<\/p>\n","protected":false},"author":2,"featured_media":0,"parent":0,"menu_order":0,"comment_status":"closed","ping_status":"closed","template":"","meta":{"_et_pb_use_builder":"on","_et_pb_old_content":"","_et_gb_content_width":"","inline_featured_image":false,"footnotes":""},"class_list":["post-1073","page","type-page","status-publish","hentry"],"yoast_head":"<!-- This site is optimized with the Yoast SEO plugin v27.5 - https:\/\/yoast.com\/product\/yoast-seo-wordpress\/ -->\n<title>Mentions l\u00e9gales - EchoFilms<\/title>\n<meta name=\"robots\" content=\"index, follow, max-snippet:-1, max-image-preview:large, max-video-preview:-1\" \/>\n<link rel=\"canonical\" href=\"https:\/\/echofilms.io\/en\/mentions-legales\/\" \/>\n<meta property=\"og:locale\" content=\"en_GB\" \/>\n<meta property=\"og:type\" content=\"article\" \/>\n<meta property=\"og:title\" content=\"Mentions l\u00e9gales - EchoFilms\" \/>\n<meta property=\"og:description\" content=\"Mentions l\u00e9galesMentions l\u00e9gales 1.\u00a0Editeur du site SARL ECHOFILMSSARL, au capital social de 1.950\u20acNum\u00e9ro Siret : 925 386 773 000 1212 all\u00e9e Ravel, 93270 SEVRAN &nbsp; 2. Directeur de la publication Directeur de la publication :\u00a0Jean-Baptiste LEGENDRE &nbsp; 3. R\u00e9alisation du site LA FREELANCERIE \u2013 LF D\u00e9veloppement repr\u00e9sent\u00e9 par M. Fran\u00e7ois LE.SARL, au capital social de [&hellip;]\" \/>\n<meta property=\"og:url\" content=\"https:\/\/echofilms.io\/en\/mentions-legales\/\" \/>\n<meta property=\"og:site_name\" content=\"EchoFilms\" \/>\n<meta property=\"article:publisher\" content=\"https:\/\/www.facebook.com\/p\/EchoFilms-61556795203640\/\" \/>\n<meta property=\"article:modified_time\" content=\"2025-10-28T12:56:20+00:00\" \/>\n<meta name=\"twitter:card\" content=\"summary_large_image\" \/>\n<meta name=\"twitter:label1\" content=\"Estimated reading time\" \/>\n\t<meta name=\"twitter:data1\" content=\"4 minutes\" \/>\n<script type=\"application\/ld+json\" class=\"yoast-schema-graph\">{\"@context\":\"https:\\\/\\\/schema.org\",\"@graph\":[{\"@type\":\"WebPage\",\"@id\":\"https:\\\/\\\/echofilms.io\\\/mentions-legales\\\/\",\"url\":\"https:\\\/\\\/echofilms.io\\\/mentions-legales\\\/\",\"name\":\"Mentions l\u00e9gales - EchoFilms\",\"isPartOf\":{\"@id\":\"https:\\\/\\\/echofilms.la-freelancerie.fr\\\/#website\"},\"datePublished\":\"2025-02-03T12:09:20+00:00\",\"dateModified\":\"2025-10-28T12:56:20+00:00\",\"breadcrumb\":{\"@id\":\"https:\\\/\\\/echofilms.io\\\/mentions-legales\\\/#breadcrumb\"},\"inLanguage\":\"en-GB\",\"potentialAction\":[{\"@type\":\"ReadAction\",\"target\":[\"https:\\\/\\\/echofilms.io\\\/mentions-legales\\\/\"]}]},{\"@type\":\"BreadcrumbList\",\"@id\":\"https:\\\/\\\/echofilms.io\\\/mentions-legales\\\/#breadcrumb\",\"itemListElement\":[{\"@type\":\"ListItem\",\"position\":1,\"name\":\"Accueil\",\"item\":\"https:\\\/\\\/echofilms.io\\\/\"},{\"@type\":\"ListItem\",\"position\":2,\"name\":\"Mentions l\u00e9gales\"}]},{\"@type\":\"WebSite\",\"@id\":\"https:\\\/\\\/echofilms.la-freelancerie.fr\\\/#website\",\"url\":\"https:\\\/\\\/echofilms.la-freelancerie.fr\\\/\",\"name\":\"EchoFilms\",\"description\":\"Collectif de cr\u00e9ateurs ind\u00e9pendants\",\"publisher\":{\"@id\":\"https:\\\/\\\/echofilms.la-freelancerie.fr\\\/#organization\"},\"potentialAction\":[{\"@type\":\"SearchAction\",\"target\":{\"@type\":\"EntryPoint\",\"urlTemplate\":\"https:\\\/\\\/echofilms.la-freelancerie.fr\\\/?s={search_term_string}\"},\"query-input\":{\"@type\":\"PropertyValueSpecification\",\"valueRequired\":true,\"valueName\":\"search_term_string\"}}],\"inLanguage\":\"en-GB\"},{\"@type\":\"Organization\",\"@id\":\"https:\\\/\\\/echofilms.la-freelancerie.fr\\\/#organization\",\"name\":\"EchoFilms\",\"url\":\"https:\\\/\\\/echofilms.la-freelancerie.fr\\\/\",\"logo\":{\"@type\":\"ImageObject\",\"inLanguage\":\"en-GB\",\"@id\":\"https:\\\/\\\/echofilms.la-freelancerie.fr\\\/#\\\/schema\\\/logo\\\/image\\\/\",\"url\":\"https:\\\/\\\/echofilms.io\\\/wp-content\\\/uploads\\\/2025\\\/10\\\/ECHOFILMS_LOGO_ENTIER_CREATION_HD.png\",\"contentUrl\":\"https:\\\/\\\/echofilms.io\\\/wp-content\\\/uploads\\\/2025\\\/10\\\/ECHOFILMS_LOGO_ENTIER_CREATION_HD.png\",\"width\":1045,\"height\":701,\"caption\":\"EchoFilms\"},\"image\":{\"@id\":\"https:\\\/\\\/echofilms.la-freelancerie.fr\\\/#\\\/schema\\\/logo\\\/image\\\/\"},\"sameAs\":[\"https:\\\/\\\/www.facebook.com\\\/p\\\/EchoFilms-61556795203640\\\/\",\"https:\\\/\\\/www.instagram.com\\\/echofilms_collectif?igsh=MW13dm9scmE0c2hpcQ\",\"https:\\\/\\\/www.linkedin.com\\\/company\\\/97993714\\\/admin\\\/dashboard\\\/\"]}]}<\/script>\n<!-- \/ Yoast SEO plugin. -->","yoast_head_json":{"title":"Mentions l\u00e9gales - EchoFilms","robots":{"index":"index","follow":"follow","max-snippet":"max-snippet:-1","max-image-preview":"max-image-preview:large","max-video-preview":"max-video-preview:-1"},"canonical":"https:\/\/echofilms.io\/en\/mentions-legales\/","og_locale":"en_GB","og_type":"article","og_title":"Mentions l\u00e9gales - EchoFilms","og_description":"Mentions l\u00e9galesMentions l\u00e9gales 1.\u00a0Editeur du site SARL ECHOFILMSSARL, au capital social de 1.950\u20acNum\u00e9ro Siret : 925 386 773 000 1212 all\u00e9e Ravel, 93270 SEVRAN &nbsp; 2. Directeur de la publication Directeur de la publication :\u00a0Jean-Baptiste LEGENDRE &nbsp; 3. R\u00e9alisation du site LA FREELANCERIE \u2013 LF D\u00e9veloppement repr\u00e9sent\u00e9 par M. Fran\u00e7ois LE.SARL, au capital social de [&hellip;]","og_url":"https:\/\/echofilms.io\/en\/mentions-legales\/","og_site_name":"EchoFilms","article_publisher":"https:\/\/www.facebook.com\/p\/EchoFilms-61556795203640\/","article_modified_time":"2025-10-28T12:56:20+00:00","twitter_card":"summary_large_image","twitter_misc":{"Estimated reading time":"4 minutes"},"schema":{"@context":"https:\/\/schema.org","@graph":[{"@type":"WebPage","@id":"https:\/\/echofilms.io\/mentions-legales\/","url":"https:\/\/echofilms.io\/mentions-legales\/","name":"Mentions l\u00e9gales - EchoFilms","isPartOf":{"@id":"https:\/\/echofilms.la-freelancerie.fr\/#website"},"datePublished":"2025-02-03T12:09:20+00:00","dateModified":"2025-10-28T12:56:20+00:00","breadcrumb":{"@id":"https:\/\/echofilms.io\/mentions-legales\/#breadcrumb"},"inLanguage":"en-GB","potentialAction":[{"@type":"ReadAction","target":["https:\/\/echofilms.io\/mentions-legales\/"]}]},{"@type":"BreadcrumbList","@id":"https:\/\/echofilms.io\/mentions-legales\/#breadcrumb","itemListElement":[{"@type":"ListItem","position":1,"name":"Accueil","item":"https:\/\/echofilms.io\/"},{"@type":"ListItem","position":2,"name":"Mentions l\u00e9gales"}]},{"@type":"WebSite","@id":"https:\/\/echofilms.la-freelancerie.fr\/#website","url":"https:\/\/echofilms.la-freelancerie.fr\/","name":"EchoFilms","description":"Collective of independent creators","publisher":{"@id":"https:\/\/echofilms.la-freelancerie.fr\/#organization"},"potentialAction":[{"@type":"SearchAction","target":{"@type":"EntryPoint","urlTemplate":"https:\/\/echofilms.la-freelancerie.fr\/?s={search_term_string}"},"query-input":{"@type":"PropertyValueSpecification","valueRequired":true,"valueName":"search_term_string"}}],"inLanguage":"en-GB"},{"@type":"Organization","@id":"https:\/\/echofilms.la-freelancerie.fr\/#organization","name":"EchoFilms","url":"https:\/\/echofilms.la-freelancerie.fr\/","logo":{"@type":"ImageObject","inLanguage":"en-GB","@id":"https:\/\/echofilms.la-freelancerie.fr\/#\/schema\/logo\/image\/","url":"https:\/\/echofilms.io\/wp-content\/uploads\/2025\/10\/ECHOFILMS_LOGO_ENTIER_CREATION_HD.png","contentUrl":"https:\/\/echofilms.io\/wp-content\/uploads\/2025\/10\/ECHOFILMS_LOGO_ENTIER_CREATION_HD.png","width":1045,"height":701,"caption":"EchoFilms"},"image":{"@id":"https:\/\/echofilms.la-freelancerie.fr\/#\/schema\/logo\/image\/"},"sameAs":["https:\/\/www.facebook.com\/p\/EchoFilms-61556795203640\/","https:\/\/www.instagram.com\/echofilms_collectif?igsh=MW13dm9scmE0c2hpcQ","https:\/\/www.linkedin.com\/company\/97993714\/admin\/dashboard\/"]}]}},"_links":{"self":[{"href":"https:\/\/echofilms.io\/en\/wp-json\/wp\/v2\/pages\/1073","targetHints":{"allow":["GET"]}}],"collection":[{"href":"https:\/\/echofilms.io\/en\/wp-json\/wp\/v2\/pages"}],"about":[{"href":"https:\/\/echofilms.io\/en\/wp-json\/wp\/v2\/types\/page"}],"author":[{"embeddable":true,"href":"https:\/\/echofilms.io\/en\/wp-json\/wp\/v2\/users\/2"}],"replies":[{"embeddable":true,"href":"https:\/\/echofilms.io\/en\/wp-json\/wp\/v2\/comments?post=1073"}],"version-history":[{"count":7,"href":"https:\/\/echofilms.io\/en\/wp-json\/wp\/v2\/pages\/1073\/revisions"}],"predecessor-version":[{"id":1670,"href":"https:\/\/echofilms.io\/en\/wp-json\/wp\/v2\/pages\/1073\/revisions\/1670"}],"wp:attachment":[{"href":"https:\/\/echofilms.io\/en\/wp-json\/wp\/v2\/media?parent=1073"}],"curies":[{"name":"wp","href":"https:\/\/api.w.org\/{rel}","templated":true}]}}